{"id":773,"date":"2017-11-20T13:26:27","date_gmt":"2017-11-20T12:26:27","guid":{"rendered":"http:\/\/linking.local\/comunicacion-corporativa\/"},"modified":"2023-06-16T11:31:47","modified_gmt":"2023-06-16T09:31:47","slug":"corporate-communication","status":"publish","type":"page","link":"https:\/\/www.linkingideas.eus\/en\/corporate-communication\/","title":{"rendered":"GLOBAL CORPORATE COMMUNICATION"},"content":{"rendered":"<p>[et_pb_section fb_built=&#8221;1&#8243; module_class=&#8221;addTransparency&#8221; _builder_version=&#8221;4.16&#8243; background_color=&#8221;rgba(255,255,255,0)&#8221; global_colors_info=&#8221;{}&#8221;][et_pb_row admin_label=&#8221;TitPag_Row&#8221; module_class=&#8221;TitPag_Row&#8221; _builder_version=&#8221;4.16&#8243; background_size=&#8221;initial&#8221; background_position=&#8221;top_left&#8221; background_repeat=&#8221;repeat&#8221; custom_margin=&#8221;||0px|&#8221; custom_padding=&#8221;||0px|&#8221; collapsed=&#8221;off&#8221; global_colors_info=&#8221;{}&#8221;][et_pb_column type=&#8221;4_4&#8243; _builder_version=&#8221;4.16&#8243; custom_padding=&#8221;|||&#8221; global_colors_info=&#8221;{}&#8221; custom_padding__hover=&#8221;|||&#8221;][et_pb_code admin_label=&#8221;Code &#8211; T\u00edtulo P\u00e1gina&#8221; _builder_version=&#8221;4.20.4&#8243; custom_margin=&#8221;||0px|&#8221; saved_tabs=&#8221;all&#8221; global_colors_info=&#8221;{}&#8221;]<pee><div class=\"titulo_pagina\">\n                <span class=\"titulo_pagina_uno\"><b>PORTAFOLIO<\/b><\/span>\n                <span class=\"titulo_pagina_dos\"> :: GLOBAL CORPORATE COMMUNICATION<\/span>\n            <\/div><\/pee>[\/et_pb_code][et_pb_divider show_divider=&#8221;off&#8221; admin_label=&#8221;Divider &#8211; L\u00ednea Continua&#8221; _builder_version=&#8221;4.20.4&#8243; max_width=&#8221;100%&#8221; height=&#8221;0px&#8221; custom_margin=&#8221;8px|0px|24px|0px&#8221; custom_padding=&#8221;|||&#8221; global_module=&#8221;1040&#8243; saved_tabs=&#8221;all&#8221; global_colors_info=&#8221;{}&#8221;][\/et_pb_divider][et_pb_code admin_label=&#8221;Code &#8211; Cita&#8221; _builder_version=&#8221;4.16&#8243; saved_tabs=&#8221;all&#8221; global_colors_info=&#8221;{}&#8221;]<pee><span class=\"cita\">\n                <span class=\"cita_texto\">&laquo;<i>Salt does not say of itself that it is salty.<\/i>&raquo;<\/span>\n                <span class=\"cita_firma\">Ab\u00e9 Proverb<\/span>\n            <\/span><\/pee>[\/et_pb_code][\/et_pb_column][\/et_pb_row][et_pb_row _builder_version=&#8221;4.16&#8243; background_size=&#8221;initial&#8221; background_position=&#8221;top_left&#8221; background_repeat=&#8221;repeat&#8221; global_colors_info=&#8221;{}&#8221;][et_pb_column type=&#8221;4_4&#8243; _builder_version=&#8221;4.16&#8243; custom_padding=&#8221;|||&#8221; global_colors_info=&#8221;{}&#8221; custom_padding__hover=&#8221;|||&#8221;][et_pb_text _builder_version=&#8221;4.20.4&#8243; text_orientation=&#8221;justified&#8221; module_alignment=&#8221;left&#8221; global_colors_info=&#8221;{}&#8221;]<\/p>\n<p>Organizations, like people, communicate even through silence. In fact, all aspects of an organisation communicate something about them. Their objectives and strategies, managerial style, their staff, the production processes and their management, organisational structures, collaborators all make statements in one way or another.<\/p>\n<p>And it is up to Corporate Communication to manage and deploy all this potential. In consequence we have in our hands a key strategic tool, which we can use to define the communication objectives of the organisation, its publics, the processes and communication channels, and the public image projected.<\/p>\n<p>[\/et_pb_text][et_pb_text admin_label=&#8221;Text &#8211; T\u00edtulo P\u00e1rrafo &#8211; Gabinete de comunicaci\u00f3n&#8221; _builder_version=&#8221;4.20.4&#8243; text_text_color=&#8221;#872393&#8243; custom_margin=&#8221;||0px|&#8221; custom_padding=&#8221;||0px|&#8221; global_module=&#8221;412&#8243; saved_tabs=&#8221;all&#8221; global_colors_info=&#8221;{}&#8221;]THE COMMUNICATION DEPARTMENT[\/et_pb_text][et_pb_text _builder_version=&#8221;4.20.4&#8243; text_orientation=&#8221;justified&#8221; module_alignment=&#8221;left&#8221; global_colors_info=&#8221;{}&#8221;]As experts in relations with the media, we assume the management of our clients&#8217; publicity under stable collaboration frameworks or on an occasional basis within the framework of larger projects (communicative actions, events, etc.). Our knowledge of political, economic and business news also allows us to advise responsibly and guarantees in crisis communication.[\/et_pb_text][et_pb_text admin_label=&#8221;Text &#8211; T\u00edtulo P\u00e1rrafo &#8211; Imagen Corporativa&#8221; _builder_version=&#8221;4.20.4&#8243; text_text_color=&#8221;#872393&#8243; custom_margin=&#8221;||0px|&#8221; custom_padding=&#8221;||0px|&#8221; global_module=&#8221;412&#8243; saved_tabs=&#8221;all&#8221; global_colors_info=&#8221;{}&#8221;]<\/p>\n<p>CORPORATE IMAGE<\/p>\n<p>[\/et_pb_text][et_pb_text _builder_version=&#8221;4.20.4&#8243; text_orientation=&#8221;justified&#8221; module_alignment=&#8221;left&#8221; global_colors_info=&#8221;{}&#8221;]<\/p>\n<p>An organization\u2019s brand and everything connected to it are essential in generating the image which is projected, and it should go without saying that this image must be perfectly aligned with the organisation\u2019s business objectives. Linking Ideas helps our customers in the analysis of their branding needs, the generation of new brand systems if needed and the selection of their slogan. We can also assist in the subsequent incorporation of the new branding in the company\u2019s websites and all other physical corporate stationary such as business cards, promotional material and merchandising. The aesthetic hides more in its background than in its form.<\/p>\n<p>[\/et_pb_text][et_pb_text admin_label=&#8221;Text &#8211; T\u00edtulo P\u00e1rrafo &#8211; Comunicaci\u00f3n Interna&#8221; _builder_version=&#8221;4.20.4&#8243; text_text_color=&#8221;#872393&#8243; custom_margin=&#8221;||0px|&#8221; custom_padding=&#8221;||0px|&#8221; global_module=&#8221;412&#8243; saved_tabs=&#8221;all&#8221; global_colors_info=&#8221;{}&#8221;]<\/p>\n<p>INTERNAL COMMUNICATION<\/p>\n<p>[\/et_pb_text][et_pb_text _builder_version=&#8221;4.20.4&#8243; text_orientation=&#8221;justified&#8221; module_alignment=&#8221;left&#8221; global_colors_info=&#8221;{}&#8221;]<\/p>\n<p>Knowing the secrets of communication and its supports (newsletters, intranet, e-mail, posters&#8230;), and understanding the importance of timing, is key to working on the climate and culture of an organisation. At Linking Ideas we help companies to develop their internal communication plans, aware that what their people say will always be more credible than what their advertising says.<\/p>\n<p>[\/et_pb_text][et_pb_text admin_label=&#8221;Text &#8211; T\u00edtulo P\u00e1rrafo &#8211; Estrategia en redes sociales&#8221; _builder_version=&#8221;4.20.4&#8243; text_text_color=&#8221;#872393&#8243; custom_margin=&#8221;||0px|&#8221; custom_padding=&#8221;||0px|&#8221; global_module=&#8221;412&#8243; saved_tabs=&#8221;all&#8221; global_colors_info=&#8221;{}&#8221;]<\/p>\n<p>SOCIAL MEDIA STRATEGY<\/p>\n<p>[\/et_pb_text][et_pb_text _builder_version=&#8221;4.20.4&#8243; text_orientation=&#8221;justified&#8221; module_alignment=&#8221;left&#8221; global_colors_info=&#8221;{}&#8221;]<\/p>\n<p>Communication in social networks is today part of communication planning and managing it requires knowing its keys. It is not the same to communicate on LinkedIn than on Twitter. In addition to understanding its enormous amplification power, it is necessary to understand that both continuous and punctual presence require objectives, knowledge of the target, scheduling, etc. and, above all, alignment with the business and communication strategy.<\/p>\n<p> [\/et_pb_text][et_pb_text _builder_version=&#8221;4.20.4&#8243; _module_preset=&#8221;default&#8221; link_option_url=&#8221;https:\/\/www.linkingideas.eus\/en\/category\/integral-corporate-communication\/&#8221; hover_enabled=&#8221;0&#8243; global_colors_info=&#8221;{}&#8221; admin_label=&#8221;Texto con v\u00ednculo a categor\u00eda.&#8221; sticky_enabled=&#8221;0&#8243; locked=&#8221;off&#8221;]<\/p>\n<p>If you want to know what work we have done in the field of GLOBAL CORPORATE COMMUNICATION, <span style=\"color: #872393;\">look here<\/span>.<\/p>\n<p>[\/et_pb_text][\/et_pb_column][\/et_pb_row][\/et_pb_section]<\/p>\n","protected":false},"excerpt":{"rendered":"<p><div class=\"titulo_pagina\">\n                <span class=\"titulo_pagina_uno\"><b>PORTAFOLIO<\/b><\/span>\n                <span class=\"titulo_pagina_dos\"> :: GLOBAL CORPORATE COMMUNICATION<\/span>\n            <\/div><span class=\"cita\">\n                <span class=\"cita_texto\">&laquo;<i>Salt does not say of itself that it is salty.<\/i>&raquo;<\/span>\n                <span class=\"cita_firma\">Ab\u00e9 Proverb<\/span>\n            <\/span>Organizations, like people, communicate even through silence. In fact, all aspects of an organisation communicate something about them. Their objectives and strategies, managerial style, their staff, the production processes and their management, organisational structures, collaborators all make statements in [&hellip;]<\/p>\n","protected":false},"author":1,"featured_media":0,"parent":0,"menu_order":0,"comment_status":"closed","ping_status":"closed","template":"","meta":{"_et_pb_use_builder":"on","_et_pb_old_content":"","_et_gb_content_width":"","footnotes":""},"class_list":["post-773","page","type-page","status-publish","hentry"],"yoast_head":"<!-- This site is optimized with the Yoast SEO plugin v27.2 - https:\/\/yoast.com\/product\/yoast-seo-wordpress\/ -->\n<title>GLOBAL CORPORATE COMMUNICATION - Linking Ideas<\/title>\n<meta name=\"robots\" content=\"index, follow, max-snippet:-1, max-image-preview:large, max-video-preview:-1\" \/>\n<link rel=\"canonical\" href=\"https:\/\/www.linkingideas.eus\/comunicacion-corporativa\/\" \/>\n<meta property=\"og:locale\" content=\"en_US\" \/>\n<meta property=\"og:type\" content=\"article\" \/>\n<meta property=\"og:title\" content=\"GLOBAL CORPORATE COMMUNICATION - Linking Ideas\" \/>\n<meta property=\"og:description\" content=\"Organizations, like people, communicate even through silence. In fact, all aspects of an organisation communicate something about them. Their objectives and strategies, managerial style, their staff, the production processes and their management, organisational structures, collaborators all make statements in [&hellip;]\" \/>\n<meta property=\"og:url\" content=\"https:\/\/www.linkingideas.eus\/comunicacion-corporativa\/\" \/>\n<meta property=\"og:site_name\" content=\"Linking Ideas\" \/>\n<meta property=\"article:modified_time\" content=\"2023-06-16T09:31:47+00:00\" \/>\n<meta name=\"twitter:card\" content=\"summary_large_image\" \/>\n<meta name=\"twitter:site\" content=\"@Linking_Ideas\" \/>\n<meta name=\"twitter:label1\" content=\"Est. reading time\" \/>\n\t<meta name=\"twitter:data1\" content=\"4 minutes\" \/>\n<script type=\"application\/ld+json\" class=\"yoast-schema-graph\">{\"@context\":\"https:\/\/schema.org\",\"@graph\":[{\"@type\":\"WebPage\",\"@id\":\"https:\/\/www.linkingideas.eus\/comunicacion-corporativa\/\",\"url\":\"https:\/\/www.linkingideas.eus\/comunicacion-corporativa\/\",\"name\":\"GLOBAL CORPORATE COMMUNICATION - Linking Ideas\",\"isPartOf\":{\"@id\":\"https:\/\/www.linkingideas.eus\/#website\"},\"datePublished\":\"2017-11-20T12:26:27+00:00\",\"dateModified\":\"2023-06-16T09:31:47+00:00\",\"breadcrumb\":{\"@id\":\"https:\/\/www.linkingideas.eus\/comunicacion-corporativa\/#breadcrumb\"},\"inLanguage\":\"en-US\",\"potentialAction\":[{\"@type\":\"ReadAction\",\"target\":[\"https:\/\/www.linkingideas.eus\/comunicacion-corporativa\/\"]}]},{\"@type\":\"BreadcrumbList\",\"@id\":\"https:\/\/www.linkingideas.eus\/comunicacion-corporativa\/#breadcrumb\",\"itemListElement\":[{\"@type\":\"ListItem\",\"position\":1,\"name\":\"Home\",\"item\":\"https:\/\/www.linkingideas.eus\/en\/\"},{\"@type\":\"ListItem\",\"position\":2,\"name\":\"GLOBAL CORPORATE COMMUNICATION\"}]},{\"@type\":\"WebSite\",\"@id\":\"https:\/\/www.linkingideas.eus\/#website\",\"url\":\"https:\/\/www.linkingideas.eus\/\",\"name\":\"Linking Ideas\",\"description\":\"Estrategia eta komunikazioa\",\"publisher\":{\"@id\":\"https:\/\/www.linkingideas.eus\/#organization\"},\"potentialAction\":[{\"@type\":\"SearchAction\",\"target\":{\"@type\":\"EntryPoint\",\"urlTemplate\":\"https:\/\/www.linkingideas.eus\/?s={search_term_string}\"},\"query-input\":{\"@type\":\"PropertyValueSpecification\",\"valueRequired\":true,\"valueName\":\"search_term_string\"}}],\"inLanguage\":\"en-US\"},{\"@type\":\"Organization\",\"@id\":\"https:\/\/www.linkingideas.eus\/#organization\",\"name\":\"Linking Ideas\",\"url\":\"https:\/\/www.linkingideas.eus\/\",\"logo\":{\"@type\":\"ImageObject\",\"inLanguage\":\"en-US\",\"@id\":\"https:\/\/www.linkingideas.eus\/#\/schema\/logo\/image\/\",\"url\":\"https:\/\/www.linkingideas.eus\/wp-content\/uploads\/LI_Texto_Color.png\",\"contentUrl\":\"https:\/\/www.linkingideas.eus\/wp-content\/uploads\/LI_Texto_Color.png\",\"width\":494,\"height\":118,\"caption\":\"Linking Ideas\"},\"image\":{\"@id\":\"https:\/\/www.linkingideas.eus\/#\/schema\/logo\/image\/\"},\"sameAs\":[\"https:\/\/x.com\/Linking_Ideas\",\"https:\/\/es.linkedin.com\/company\/linking-ideas\"]}]}<\/script>\n<!-- \/ Yoast SEO plugin. -->","yoast_head_json":{"title":"GLOBAL CORPORATE COMMUNICATION - Linking Ideas","robots":{"index":"index","follow":"follow","max-snippet":"max-snippet:-1","max-image-preview":"max-image-preview:large","max-video-preview":"max-video-preview:-1"},"canonical":"https:\/\/www.linkingideas.eus\/comunicacion-corporativa\/","og_locale":"en_US","og_type":"article","og_title":"GLOBAL CORPORATE COMMUNICATION - Linking Ideas","og_description":"Organizations, like people, communicate even through silence. In fact, all aspects of an organisation communicate something about them. Their objectives and strategies, managerial style, their staff, the production processes and their management, organisational structures, collaborators all make statements in [&hellip;]","og_url":"https:\/\/www.linkingideas.eus\/comunicacion-corporativa\/","og_site_name":"Linking Ideas","article_modified_time":"2023-06-16T09:31:47+00:00","twitter_card":"summary_large_image","twitter_site":"@Linking_Ideas","twitter_misc":{"Est. reading time":"4 minutes"},"schema":{"@context":"https:\/\/schema.org","@graph":[{"@type":"WebPage","@id":"https:\/\/www.linkingideas.eus\/comunicacion-corporativa\/","url":"https:\/\/www.linkingideas.eus\/comunicacion-corporativa\/","name":"GLOBAL CORPORATE COMMUNICATION - Linking Ideas","isPartOf":{"@id":"https:\/\/www.linkingideas.eus\/#website"},"datePublished":"2017-11-20T12:26:27+00:00","dateModified":"2023-06-16T09:31:47+00:00","breadcrumb":{"@id":"https:\/\/www.linkingideas.eus\/comunicacion-corporativa\/#breadcrumb"},"inLanguage":"en-US","potentialAction":[{"@type":"ReadAction","target":["https:\/\/www.linkingideas.eus\/comunicacion-corporativa\/"]}]},{"@type":"BreadcrumbList","@id":"https:\/\/www.linkingideas.eus\/comunicacion-corporativa\/#breadcrumb","itemListElement":[{"@type":"ListItem","position":1,"name":"Home","item":"https:\/\/www.linkingideas.eus\/en\/"},{"@type":"ListItem","position":2,"name":"GLOBAL CORPORATE COMMUNICATION"}]},{"@type":"WebSite","@id":"https:\/\/www.linkingideas.eus\/#website","url":"https:\/\/www.linkingideas.eus\/","name":"Linking Ideas","description":"Estrategia eta komunikazioa","publisher":{"@id":"https:\/\/www.linkingideas.eus\/#organization"},"potentialAction":[{"@type":"SearchAction","target":{"@type":"EntryPoint","urlTemplate":"https:\/\/www.linkingideas.eus\/?s={search_term_string}"},"query-input":{"@type":"PropertyValueSpecification","valueRequired":true,"valueName":"search_term_string"}}],"inLanguage":"en-US"},{"@type":"Organization","@id":"https:\/\/www.linkingideas.eus\/#organization","name":"Linking Ideas","url":"https:\/\/www.linkingideas.eus\/","logo":{"@type":"ImageObject","inLanguage":"en-US","@id":"https:\/\/www.linkingideas.eus\/#\/schema\/logo\/image\/","url":"https:\/\/www.linkingideas.eus\/wp-content\/uploads\/LI_Texto_Color.png","contentUrl":"https:\/\/www.linkingideas.eus\/wp-content\/uploads\/LI_Texto_Color.png","width":494,"height":118,"caption":"Linking Ideas"},"image":{"@id":"https:\/\/www.linkingideas.eus\/#\/schema\/logo\/image\/"},"sameAs":["https:\/\/x.com\/Linking_Ideas","https:\/\/es.linkedin.com\/company\/linking-ideas"]}]}},"_links":{"self":[{"href":"https:\/\/www.linkingideas.eus\/en\/wp-json\/wp\/v2\/pages\/773","targetHints":{"allow":["GET"]}}],"collection":[{"href":"https:\/\/www.linkingideas.eus\/en\/wp-json\/wp\/v2\/pages"}],"about":[{"href":"https:\/\/www.linkingideas.eus\/en\/wp-json\/wp\/v2\/types\/page"}],"author":[{"embeddable":true,"href":"https:\/\/www.linkingideas.eus\/en\/wp-json\/wp\/v2\/users\/1"}],"replies":[{"embeddable":true,"href":"https:\/\/www.linkingideas.eus\/en\/wp-json\/wp\/v2\/comments?post=773"}],"version-history":[{"count":28,"href":"https:\/\/www.linkingideas.eus\/en\/wp-json\/wp\/v2\/pages\/773\/revisions"}],"predecessor-version":[{"id":4073,"href":"https:\/\/www.linkingideas.eus\/en\/wp-json\/wp\/v2\/pages\/773\/revisions\/4073"}],"wp:attachment":[{"href":"https:\/\/www.linkingideas.eus\/en\/wp-json\/wp\/v2\/media?parent=773"}],"curies":[{"name":"wp","href":"https:\/\/api.w.org\/{rel}","templated":true}]}}