{"id":780,"date":"2017-12-13T10:10:31","date_gmt":"2017-12-13T09:10:31","guid":{"rendered":"http:\/\/linking.local\/eventos\/"},"modified":"2023-06-16T11:33:54","modified_gmt":"2023-06-16T09:33:54","slug":"events","status":"publish","type":"page","link":"https:\/\/www.linkingideas.eus\/en\/events\/","title":{"rendered":"MANAGEMENT OF EVENTS"},"content":{"rendered":"<p>[et_pb_section fb_built=&#8221;1&#8243; module_class=&#8221;addTransparency&#8221; _builder_version=&#8221;4.16&#8243; background_color=&#8221;rgba(255,255,255,0)&#8221; global_colors_info=&#8221;{}&#8221;][et_pb_row admin_label=&#8221;TitPag_Row&#8221; module_class=&#8221;TitPag_Row&#8221; _builder_version=&#8221;4.20.4&#8243; background_size=&#8221;initial&#8221; background_position=&#8221;top_left&#8221; background_repeat=&#8221;repeat&#8221; custom_margin=&#8221;||0px|&#8221; custom_padding=&#8221;||0px|&#8221; collapsed=&#8221;off&#8221; global_colors_info=&#8221;{}&#8221;][et_pb_column type=&#8221;4_4&#8243; _builder_version=&#8221;4.16&#8243; custom_padding=&#8221;|||&#8221; global_colors_info=&#8221;{}&#8221; custom_padding__hover=&#8221;|||&#8221;][et_pb_code admin_label=&#8221;Code &#8211; T\u00edtulo P\u00e1gina&#8221; _builder_version=&#8221;4.20.4&#8243; custom_margin=&#8221;||0px|&#8221; saved_tabs=&#8221;all&#8221; global_colors_info=&#8221;{}&#8221;]<pee><div class=\"titulo_pagina\">\n                <span class=\"titulo_pagina_uno\"><b>PORTAFOLIO<\/b><\/span>\n                <span class=\"titulo_pagina_dos\"> :: MANAGEMENT OF EVENTS<\/span>\n            <\/div><\/pee>[\/et_pb_code][et_pb_divider show_divider=&#8221;off&#8221; admin_label=&#8221;Divider &#8211; L\u00ednea Continua&#8221; _builder_version=&#8221;4.20.4&#8243; max_width=&#8221;100%&#8221; height=&#8221;0px&#8221; custom_margin=&#8221;8px|0px|24px|0px&#8221; custom_padding=&#8221;|||&#8221; global_module=&#8221;1040&#8243; saved_tabs=&#8221;all&#8221; global_colors_info=&#8221;{}&#8221;][\/et_pb_divider][et_pb_code admin_label=&#8221;Code &#8211; Cita&#8221; _builder_version=&#8221;4.20.4&#8243; saved_tabs=&#8221;all&#8221; global_colors_info=&#8221;{}&#8221;]<span class=\"cita\">\n                <span class=\"cita_texto\">&laquo;<i>People will forget what you said, people will forget what you did, but people will never forget how you made them feel.<\/i>&raquo;<\/span>\n                <span class=\"cita_firma\">Maya Angelou<\/span>\n            <\/span>[\/et_pb_code][\/et_pb_column][\/et_pb_row][et_pb_row _builder_version=&#8221;4.16&#8243; global_colors_info=&#8221;{}&#8221;][et_pb_column type=&#8221;4_4&#8243; _builder_version=&#8221;4.16&#8243; custom_padding=&#8221;|||&#8221; global_colors_info=&#8221;{}&#8221; custom_padding__hover=&#8221;|||&#8221;][et_pb_text _builder_version=&#8221;4.20.4&#8243; text_orientation=&#8221;justified&#8221; module_alignment=&#8221;left&#8221; global_colors_info=&#8221;{}&#8221;]<\/p>\n<p>Bringing people together will always make them feel different. That is why gatherings of all types are powerful instruments for sharing knowledge and, perhaps more importantly, for generating the collective emotions which inspire the creation of new projects, reinforce reputations and forge lasting relationships.<\/p>\n<p>We are fortunate in having considerable experience in the organization of all sorts of events in all of their facets. We have been involved from the initial project concept until its public presentation. In consequence we understand that the key to success is to fulfil the objectives and desires of our clients. We know how to optimize and organise resources during the creation, the presentation and the review of the project.<\/p>\n<p>They say that Linking Ideas is defined by its spirit, quality and elegance.\n<\/p>\n<p>[\/et_pb_text][et_pb_text admin_label=&#8221;Text &#8211; T\u00edtulo P\u00e1rrafo &#8211; Conceptualizaci\u00f3n y dise\u00f1o del evento&#8221; _builder_version=&#8221;4.20.4&#8243; text_text_color=&#8221;#872393&#8243; custom_margin=&#8221;||0px|&#8221; custom_padding=&#8221;||0px|&#8221; global_module=&#8221;412&#8243; saved_tabs=&#8221;all&#8221; global_colors_info=&#8221;{}&#8221;]<\/p>\n<p>CONCEPTUALIZATION AND DESIGN OF THE EVENT<\/p>\n<p>[\/et_pb_text][et_pb_text _builder_version=&#8221;4.20.4&#8243; text_font=&#8221;||||||||&#8221; text_orientation=&#8221;justified&#8221; module_alignment=&#8221;left&#8221; global_colors_info=&#8221;{}&#8221;]<\/p>\n<p>We do not believe in \u201cone-size-fits-all\u201d solutions. Our strength resides in understanding the specific needs of our clients and incorporating them into our proposal. In this way we can come up with an original idea for an event and the story it has to tell. We identify the principal actors and the best way to present the ideas on the stage.<\/p>\n<p>[\/et_pb_text][et_pb_text admin_label=&#8221;Text &#8211; T\u00edtulo P\u00e1rrafo &#8211; Comunicaci\u00f3n y dise\u00f1o gr\u00e1fico&#8221; _builder_version=&#8221;4.20.4&#8243; text_text_color=&#8221;#872393&#8243; custom_margin=&#8221;||0px|&#8221; custom_padding=&#8221;||0px|&#8221; global_module=&#8221;412&#8243; saved_tabs=&#8221;all&#8221; global_colors_info=&#8221;{}&#8221;]<\/p>\n<p>COMMUNICATION AND GRAPHIC DESIGN<\/p>\n<p>[\/et_pb_text][et_pb_text _builder_version=&#8221;4.20.4&#8243; text_font=&#8221;||||||||&#8221; text_orientation=&#8221;justified&#8221; module_alignment=&#8221;left&#8221; global_colors_info=&#8221;{}&#8221;]<\/p>\n<p>We define the most appropriate channels and optimal supporting materials to reach the desired public and we also establish the best moment to communicate with them. We create an image of the event and we broadcast it through the appropriate channels. We manage communication with the mass media as necessary and coordinate with other suppliers if the client wishes.\n<\/p>\n<p>[\/et_pb_text][et_pb_text admin_label=&#8221;Text &#8211; T\u00edtulo P\u00e1rrafo &#8211; Presentaci\u00f3n&#8221; _builder_version=&#8221;4.20.4&#8243; text_text_color=&#8221;#872393&#8243; custom_margin=&#8221;||0px|&#8221; custom_padding=&#8221;||0px|&#8221; global_module=&#8221;412&#8243; saved_tabs=&#8221;all&#8221; global_colors_info=&#8221;{}&#8221;]<\/p>\n<p>PRESENTATION, MODERATION, BROADCASTING ON SOCIAL NETWORKS<\/p>\n<p>[\/et_pb_text][et_pb_text _builder_version=&#8221;4.20.4&#8243; text_font=&#8221;||||||||&#8221; text_orientation=&#8221;justified&#8221; module_alignment=&#8221;left&#8221; global_colors_info=&#8221;{}&#8221;]<\/p>\n<p>We generate the script for the conduction or moderation of the event and if necessary, thanks to our long experience as masters of ceremony, dynamisers and conductors of public events, we defend it on stage. We also offer monitoring through social networks, which helps to give it reach and projection.\n<\/p>\n<p>[\/et_pb_text][et_pb_text admin_label=&#8221;Text &#8211; T\u00edtulo P\u00e1rrafo &#8211; Secretar\u00eda t\u00e9cnica&#8221; _builder_version=&#8221;4.20.4&#8243; text_text_color=&#8221;#872393&#8243; custom_margin=&#8221;||0px|&#8221; custom_padding=&#8221;||0px|&#8221; global_module=&#8221;412&#8243; saved_tabs=&#8221;all&#8221; global_colors_info=&#8221;{}&#8221;]<\/p>\n<p>TECHNICAL SECRETARIAT<\/p>\n<p>[\/et_pb_text][et_pb_text _builder_version=&#8221;4.20.4&#8243; text_font=&#8221;||||||||&#8221; text_orientation=&#8221;justified&#8221; module_alignment=&#8221;left&#8221; global_colors_info=&#8221;{}&#8221;]Depending on the needs of our client, we also deal with the technical secretarial needs related to the meeting. From the management of attendees to the management of the speakers.[\/et_pb_text][et_pb_text _builder_version=&#8221;4.20.4&#8243; _module_preset=&#8221;default&#8221; link_option_url=&#8221;https:\/\/www.linkingideas.eus\/en\/category\/management-of-events\/&#8221; hover_enabled=&#8221;0&#8243; global_colors_info=&#8221;{}&#8221; admin_label=&#8221;Texto con v\u00ednculo a categor\u00eda.&#8221; sticky_enabled=&#8221;0&#8243; locked=&#8221;off&#8221;]<\/p>\n<p>If you want to know what work we have done in the field of MANAGEMENT OF EVENTS, <span style=\"color: #872393;\">look here<\/span>.<\/p>\n<p>[\/et_pb_text][\/et_pb_column][\/et_pb_row][\/et_pb_section]<\/p>\n","protected":false},"excerpt":{"rendered":"<p><div class=\"titulo_pagina\">\n                <span class=\"titulo_pagina_uno\"><b>PORTAFOLIO<\/b><\/span>\n                <span class=\"titulo_pagina_dos\"> :: MANAGEMENT OF EVENTS<\/span>\n            <\/div><span class=\"cita\">\n                <span class=\"cita_texto\">&laquo;<i>People will forget what you said, people will forget what you did, but people will never forget how you made them feel.<\/i>&raquo;<\/span>\n                <span class=\"cita_firma\">Maya Angelou<\/span>\n            <\/span>Bringing people together will always make them feel different. That is why gatherings of all types are powerful instruments for sharing knowledge and, perhaps more importantly, for [&hellip;]<\/p>\n","protected":false},"author":1,"featured_media":0,"parent":0,"menu_order":0,"comment_status":"closed","ping_status":"closed","template":"","meta":{"_et_pb_use_builder":"on","_et_pb_old_content":"","_et_gb_content_width":"","footnotes":""},"class_list":["post-780","page","type-page","status-publish","hentry"],"yoast_head":"<!-- This site is optimized with the Yoast SEO plugin v27.2 - https:\/\/yoast.com\/product\/yoast-seo-wordpress\/ -->\n<title>MANAGEMENT OF EVENTS - Linking Ideas<\/title>\n<meta name=\"robots\" content=\"index, follow, max-snippet:-1, max-image-preview:large, max-video-preview:-1\" \/>\n<link rel=\"canonical\" href=\"https:\/\/www.linkingideas.eus\/eventos\/\" \/>\n<meta property=\"og:locale\" content=\"en_US\" \/>\n<meta property=\"og:type\" content=\"article\" \/>\n<meta property=\"og:title\" content=\"MANAGEMENT OF EVENTS - Linking Ideas\" \/>\n<meta property=\"og:description\" content=\"Bringing people together will always make them feel different. That is why gatherings of all types are powerful instruments for sharing knowledge and, perhaps more importantly, for [&hellip;]\" \/>\n<meta property=\"og:url\" content=\"https:\/\/www.linkingideas.eus\/eventos\/\" \/>\n<meta property=\"og:site_name\" content=\"Linking Ideas\" \/>\n<meta property=\"article:modified_time\" content=\"2023-06-16T09:33:54+00:00\" \/>\n<meta name=\"twitter:card\" content=\"summary_large_image\" \/>\n<meta name=\"twitter:site\" content=\"@Linking_Ideas\" \/>\n<meta name=\"twitter:label1\" content=\"Est. reading time\" \/>\n\t<meta name=\"twitter:data1\" content=\"4 minutes\" \/>\n<script type=\"application\/ld+json\" class=\"yoast-schema-graph\">{\"@context\":\"https:\/\/schema.org\",\"@graph\":[{\"@type\":\"WebPage\",\"@id\":\"https:\/\/www.linkingideas.eus\/eventos\/\",\"url\":\"https:\/\/www.linkingideas.eus\/eventos\/\",\"name\":\"MANAGEMENT OF EVENTS - Linking Ideas\",\"isPartOf\":{\"@id\":\"https:\/\/www.linkingideas.eus\/#website\"},\"datePublished\":\"2017-12-13T09:10:31+00:00\",\"dateModified\":\"2023-06-16T09:33:54+00:00\",\"breadcrumb\":{\"@id\":\"https:\/\/www.linkingideas.eus\/eventos\/#breadcrumb\"},\"inLanguage\":\"en-US\",\"potentialAction\":[{\"@type\":\"ReadAction\",\"target\":[\"https:\/\/www.linkingideas.eus\/eventos\/\"]}]},{\"@type\":\"BreadcrumbList\",\"@id\":\"https:\/\/www.linkingideas.eus\/eventos\/#breadcrumb\",\"itemListElement\":[{\"@type\":\"ListItem\",\"position\":1,\"name\":\"Home\",\"item\":\"https:\/\/www.linkingideas.eus\/en\/\"},{\"@type\":\"ListItem\",\"position\":2,\"name\":\"MANAGEMENT OF EVENTS\"}]},{\"@type\":\"WebSite\",\"@id\":\"https:\/\/www.linkingideas.eus\/#website\",\"url\":\"https:\/\/www.linkingideas.eus\/\",\"name\":\"Linking Ideas\",\"description\":\"Estrategia eta komunikazioa\",\"publisher\":{\"@id\":\"https:\/\/www.linkingideas.eus\/#organization\"},\"potentialAction\":[{\"@type\":\"SearchAction\",\"target\":{\"@type\":\"EntryPoint\",\"urlTemplate\":\"https:\/\/www.linkingideas.eus\/?s={search_term_string}\"},\"query-input\":{\"@type\":\"PropertyValueSpecification\",\"valueRequired\":true,\"valueName\":\"search_term_string\"}}],\"inLanguage\":\"en-US\"},{\"@type\":\"Organization\",\"@id\":\"https:\/\/www.linkingideas.eus\/#organization\",\"name\":\"Linking Ideas\",\"url\":\"https:\/\/www.linkingideas.eus\/\",\"logo\":{\"@type\":\"ImageObject\",\"inLanguage\":\"en-US\",\"@id\":\"https:\/\/www.linkingideas.eus\/#\/schema\/logo\/image\/\",\"url\":\"https:\/\/www.linkingideas.eus\/wp-content\/uploads\/LI_Texto_Color.png\",\"contentUrl\":\"https:\/\/www.linkingideas.eus\/wp-content\/uploads\/LI_Texto_Color.png\",\"width\":494,\"height\":118,\"caption\":\"Linking Ideas\"},\"image\":{\"@id\":\"https:\/\/www.linkingideas.eus\/#\/schema\/logo\/image\/\"},\"sameAs\":[\"https:\/\/x.com\/Linking_Ideas\",\"https:\/\/es.linkedin.com\/company\/linking-ideas\"]}]}<\/script>\n<!-- \/ Yoast SEO plugin. -->","yoast_head_json":{"title":"MANAGEMENT OF EVENTS - Linking Ideas","robots":{"index":"index","follow":"follow","max-snippet":"max-snippet:-1","max-image-preview":"max-image-preview:large","max-video-preview":"max-video-preview:-1"},"canonical":"https:\/\/www.linkingideas.eus\/eventos\/","og_locale":"en_US","og_type":"article","og_title":"MANAGEMENT OF EVENTS - Linking Ideas","og_description":"Bringing people together will always make them feel different. That is why gatherings of all types are powerful instruments for sharing knowledge and, perhaps more importantly, for [&hellip;]","og_url":"https:\/\/www.linkingideas.eus\/eventos\/","og_site_name":"Linking Ideas","article_modified_time":"2023-06-16T09:33:54+00:00","twitter_card":"summary_large_image","twitter_site":"@Linking_Ideas","twitter_misc":{"Est. reading time":"4 minutes"},"schema":{"@context":"https:\/\/schema.org","@graph":[{"@type":"WebPage","@id":"https:\/\/www.linkingideas.eus\/eventos\/","url":"https:\/\/www.linkingideas.eus\/eventos\/","name":"MANAGEMENT OF EVENTS - Linking Ideas","isPartOf":{"@id":"https:\/\/www.linkingideas.eus\/#website"},"datePublished":"2017-12-13T09:10:31+00:00","dateModified":"2023-06-16T09:33:54+00:00","breadcrumb":{"@id":"https:\/\/www.linkingideas.eus\/eventos\/#breadcrumb"},"inLanguage":"en-US","potentialAction":[{"@type":"ReadAction","target":["https:\/\/www.linkingideas.eus\/eventos\/"]}]},{"@type":"BreadcrumbList","@id":"https:\/\/www.linkingideas.eus\/eventos\/#breadcrumb","itemListElement":[{"@type":"ListItem","position":1,"name":"Home","item":"https:\/\/www.linkingideas.eus\/en\/"},{"@type":"ListItem","position":2,"name":"MANAGEMENT OF EVENTS"}]},{"@type":"WebSite","@id":"https:\/\/www.linkingideas.eus\/#website","url":"https:\/\/www.linkingideas.eus\/","name":"Linking Ideas","description":"Estrategia eta komunikazioa","publisher":{"@id":"https:\/\/www.linkingideas.eus\/#organization"},"potentialAction":[{"@type":"SearchAction","target":{"@type":"EntryPoint","urlTemplate":"https:\/\/www.linkingideas.eus\/?s={search_term_string}"},"query-input":{"@type":"PropertyValueSpecification","valueRequired":true,"valueName":"search_term_string"}}],"inLanguage":"en-US"},{"@type":"Organization","@id":"https:\/\/www.linkingideas.eus\/#organization","name":"Linking Ideas","url":"https:\/\/www.linkingideas.eus\/","logo":{"@type":"ImageObject","inLanguage":"en-US","@id":"https:\/\/www.linkingideas.eus\/#\/schema\/logo\/image\/","url":"https:\/\/www.linkingideas.eus\/wp-content\/uploads\/LI_Texto_Color.png","contentUrl":"https:\/\/www.linkingideas.eus\/wp-content\/uploads\/LI_Texto_Color.png","width":494,"height":118,"caption":"Linking Ideas"},"image":{"@id":"https:\/\/www.linkingideas.eus\/#\/schema\/logo\/image\/"},"sameAs":["https:\/\/x.com\/Linking_Ideas","https:\/\/es.linkedin.com\/company\/linking-ideas"]}]}},"_links":{"self":[{"href":"https:\/\/www.linkingideas.eus\/en\/wp-json\/wp\/v2\/pages\/780","targetHints":{"allow":["GET"]}}],"collection":[{"href":"https:\/\/www.linkingideas.eus\/en\/wp-json\/wp\/v2\/pages"}],"about":[{"href":"https:\/\/www.linkingideas.eus\/en\/wp-json\/wp\/v2\/types\/page"}],"author":[{"embeddable":true,"href":"https:\/\/www.linkingideas.eus\/en\/wp-json\/wp\/v2\/users\/1"}],"replies":[{"embeddable":true,"href":"https:\/\/www.linkingideas.eus\/en\/wp-json\/wp\/v2\/comments?post=780"}],"version-history":[{"count":17,"href":"https:\/\/www.linkingideas.eus\/en\/wp-json\/wp\/v2\/pages\/780\/revisions"}],"predecessor-version":[{"id":4075,"href":"https:\/\/www.linkingideas.eus\/en\/wp-json\/wp\/v2\/pages\/780\/revisions\/4075"}],"wp:attachment":[{"href":"https:\/\/www.linkingideas.eus\/en\/wp-json\/wp\/v2\/media?parent=780"}],"curies":[{"name":"wp","href":"https:\/\/api.w.org\/{rel}","templated":true}]}}